{"id":513,"date":"2015-02-20T14:30:27","date_gmt":"2015-02-20T14:30:27","guid":{"rendered":"http:\/\/frame-workz.com\/?page_id=513"},"modified":"2024-07-24T16:14:46","modified_gmt":"2024-07-24T16:14:46","slug":"frameworkz-story","status":"publish","type":"page","link":"https:\/\/frame-workz.com\/?page_id=513","title":{"rendered":"Der frameworkZ \u00ae Weg"},"content":{"rendered":"<p><span style=\"color: #000000;\">Warum sind manche Menschen besonders erfolgreich?\u00a0<\/span><\/p>\n<p><span style=\"color: #000000;\">Wieso sind bestimmte Unternehmen innovativer als andere? <\/span><\/p>\n<p><span style=\"color: #000000;\">Was muss passieren, damit Teams ungew\u00f6hnliche L\u00f6sungen generieren?<\/span><\/p>\n<p><span style=\"color: #000000;\">Im Rahmen meiner interdisziplin\u00e4ren Forschung und Beratung habe ich mich zusammen mit Klienten, Kollegen und Studierenden immer wieder mit solchen Fragestellungen\u00a0auseinandergesetzt und dabei aus verschiedenen wissenschaftlichen Ans\u00e4tzen und best practice F\u00e4llen einzelne <strong>Erfolgsmuster<\/strong> herausgearbeitet. <\/span><\/p>\n<p><span style=\"color: #000000;\">In den Ansatz <strong>frameworkZ \u00ae<\/strong> habe ich verschiedene\u00a0interdisziplin\u00e4re Erkenntnisse\u00a0systematisch zu einem ganzheitlichen Konzept\u00a0integriert.\u00a0<\/span><\/p>\n<p><span style=\"color: #000000;\">Auf folgenden Prinzipien basiert meine Arbeit:\u00a0<\/span><\/p>\n<h4><span style=\"color: #000000;\">1) Was ist Erfolg? Es kommt drauf an! <\/span><\/h4>\n<p><span style=\"color: #000000;\">Erfolg ist <em>mehrdimensional<\/em>. Erfolg bezieht sich\u00a0nicht nur auf <em>\u00f6konomische Effizienz<\/em>, die mit Kennzahlen zu messen ist, sondern immer auch auf <em>soziale Effizienz <\/em>(Arbeitsklima, Zufriedenheit der Mitarbeiter, etc.) und den\u00a0<em>individuellen Erfolg <\/em>des Einzelnen (Interessenrealisierung, Karriereziele, pers\u00f6nliche Zufriedenheit o.\u00e4.).<\/span><\/p>\n<h4><span style=\"color: #000000;\">2) Was ist die Wahrheit? Mach die Welt, wie sie gef\u00e4llt! \u00a0<\/span><\/h4>\n<p><span style=\"color: #000000;\">Dort, wo Menschen zusammenarbeiten, gibt es nicht nur eine Wahrheit. Was Personen und Gruppen als &#8222;<em>richtig<\/em>&#8220; und &#8222;<em>falsch<\/em>&#8220; wahrnehmen, h\u00e4ngt ma\u00dfgeblich von ihren Interpretationsmustern ab. So kann es vorkommen, dass gleichzeitig mehrere Wahrheiten existieren und &#8222;Realit\u00e4t&#8220; durch neue\u00a0Interpretationsmuster ver\u00e4ndert werden kann. <\/span><\/p>\n<h4><span style=\"color: #000000;\">3) Willkommen im Chaos!\u00a0<\/span><\/h4>\n<p><span style=\"color: #000000;\">Nur in der Theorie lassen sich Problemstellungen\u00a0aus einer einzelnen Sichtweise analysieren. Die Praxis ist <em>komplex, dynamisch <\/em>und weist viele <em>Vernetzungen<\/em> auf: Einzelne Personen k\u00f6nnen durch ihr Verhalten (manchmal auch nur indirekt) Gruppen und ganze Organisationen beeinflussen, und umgekehrt erm\u00f6glichen und begrenzen strukturelle und kulturelle Rahmenbedingungen auch das Verhalten von Gruppen und Individuen. <\/span><\/p>\n<h4><span style=\"color: #000000;\">4) Outside the Box: L\u00f6sungen durch Perspektivwechsel! \u00a0<\/span><\/h4>\n<p><span style=\"color: #000000;\">OTB ist ein Schl\u00fcssel zur Probleml\u00f6sung, weil das die F\u00e4higkeit der Einnahme einer Meta-Perspektive impliziert. Perspektivwechsel und Um-die-Ecke-Denken f\u00fchrt dazu, dass Fragestellungen aus verschiedenen Sichtweisen beleuchtet werden k\u00f6nnen und sich somit viele neue konstruktive L\u00f6sungsalternativen er\u00f6ffnen. <\/span><\/p>\n<p><span style=\"color: #000000;\"><strong>5) Ein Bild sagt mehr als 1000 Worte!<\/strong><\/span><\/p>\n<p><span style=\"color: #000000;\">Wichtige Inhalte lassen sich nicht nur durch rationale schriftliche und m\u00fcndliche Kommunikation transportieren, sondern auch durch Geschichten, Metaphern und Bilder. F\u00fcr eine emotionale und visualisierende Kommunikation existieren viele Tools wie z.B. Storytelling, die klassische Metaplantechnik oder Konzepte wie das Design Thinking, Canvas-Modell, agile Projektmanagementools oder Gamification Ans\u00e4tze. <\/span><\/p>\n<h4><span style=\"color: #000000;\">6) Pragmatik &amp; mehr!<\/span><\/h4>\n<p><span style=\"color: #000000;\">Wenn Probleme in der Praxis bearbeitet werden sollen, dann geht es prim\u00e4r um <i>L\u00f6sungsorientierung<\/i>\u00a0und <em>Relevanz<\/em>. In vielen F\u00e4llen hilft es nicht nur, an den ggf. l\u00e4ngst vergangenen Ursachen herumzudoktern, sondern oftmals ist es viel effizienter, direkt an den Symptomen anzusetzen. Ziel ist die Wiederherstellung von Handlungsf\u00e4higkeit und das Erreichen eines h\u00f6heren Entwicklungsniveaus.\u00a0<\/span><\/p>\n","protected":false},"excerpt":{"rendered":"<p>Warum sind manche Menschen besonders erfolgreich?\u00a0 Wieso sind bestimmte Unternehmen innovativer als andere? Was muss passieren, damit Teams ungew\u00f6hnliche L\u00f6sungen generieren? Im Rahmen meiner interdisziplin\u00e4ren Forschung und Beratung habe ich mich zusammen mit Klienten, Kollegen und Studierenden immer wieder mit&hellip;<\/p>\n<p class=\"more-link-p\"><a class=\"more-link\" href=\"https:\/\/frame-workz.com\/?page_id=513\">Read more &rarr;<\/a><\/p>\n","protected":false},"author":1,"featured_media":0,"parent":0,"menu_order":0,"comment_status":"open","ping_status":"open","template":"","meta":{"_monsterinsights_skip_tracking":false,"_monsterinsights_sitenote_active":false,"_monsterinsights_sitenote_note":"","_monsterinsights_sitenote_category":0,"footnotes":""},"class_list":["post-513","page","type-page","status-publish","hentry"],"_links":{"self":[{"href":"https:\/\/frame-workz.com\/index.php?rest_route=\/wp\/v2\/pages\/513","targetHints":{"allow":["GET"]}}],"collection":[{"href":"https:\/\/frame-workz.com\/index.php?rest_route=\/wp\/v2\/pages"}],"about":[{"href":"https:\/\/frame-workz.com\/index.php?rest_route=\/wp\/v2\/types\/page"}],"author":[{"embeddable":true,"href":"https:\/\/frame-workz.com\/index.php?rest_route=\/wp\/v2\/users\/1"}],"replies":[{"embeddable":true,"href":"https:\/\/frame-workz.com\/index.php?rest_route=%2Fwp%2Fv2%2Fcomments&post=513"}],"version-history":[{"count":33,"href":"https:\/\/frame-workz.com\/index.php?rest_route=\/wp\/v2\/pages\/513\/revisions"}],"predecessor-version":[{"id":1700,"href":"https:\/\/frame-workz.com\/index.php?rest_route=\/wp\/v2\/pages\/513\/revisions\/1700"}],"wp:attachment":[{"href":"https:\/\/frame-workz.com\/index.php?rest_route=%2Fwp%2Fv2%2Fmedia&parent=513"}],"curies":[{"name":"wp","href":"https:\/\/api.w.org\/{rel}","templated":true}]}}